{"id":2093,"date":"2022-12-07T17:40:16","date_gmt":"2022-12-07T16:40:16","guid":{"rendered":"https:\/\/www.kloster-oase.de\/?page_id=2093"},"modified":"2025-02-09T12:19:31","modified_gmt":"2025-02-09T11:19:31","slug":"zeit-geist-stiftung","status":"publish","type":"page","link":"https:\/\/www.kloster-oase.de\/?page_id=2093","title":{"rendered":"zeit.geist Stiftung"},"content":{"rendered":"\t\t<div data-elementor-type=\"wp-page\" data-elementor-id=\"2093\" class=\"elementor elementor-2093\">\n\t\t\t\t\t\t<section class=\"elementor-section elementor-top-section elementor-element elementor-element-ccb94ea elementor-section-boxed elementor-section-height-default elementor-section-height-default\" data-id=\"ccb94ea\" data-element_type=\"section\">\n\t\t\t\t\t\t<div class=\"elementor-container elementor-column-gap-default\">\n\t\t\t\t\t<div class=\"elementor-column elementor-col-100 elementor-top-column elementor-element elementor-element-04cd163\" data-id=\"04cd163\" data-element_type=\"column\">\n\t\t\t<div class=\"elementor-widget-wrap elementor-element-populated\">\n\t\t\t\t\t\t<div class=\"elementor-element elementor-element-3c41c97 elementor-widget elementor-widget-text-editor\" data-id=\"3c41c97\" data-element_type=\"widget\" data-widget_type=\"text-editor.default\">\n\t\t\t\t<div class=\"elementor-widget-container\">\n\t\t\t\t\t\t\t\t\t<p>Wir freuen uns, dass du die Kloster-Oase eG mit deiner Spende unterst\u00fctzt.<\/p><p><a href=\"https:\/\/www.ZeitGeistStiftung.de\" target=\"_blank\" rel=\"noopener\"><span style=\"text-decoration: underline; color: #0000ff;\"><strong>zeit.geist Stiftung<\/strong><\/span><\/a><\/p><p>IBAN: DE52 6649 0000 0078 5959 06<br \/>BIC: GENODE61OG1<br \/>Volksbank in der Ortenau<\/p><p>Verwendungszweck: &#8222;Spende f\u00fcr Kloster-Oase Projekt&#8220; und unbedingt zus\u00e4tzlich deine &#8222;Postanschrift&#8220; angeben, f\u00fcr die Zusendung der Spendenbescheinigung.<\/p>\t\t\t\t\t\t\t\t<\/div>\n\t\t\t\t<\/div>\n\t\t\t\t\t<\/div>\n\t\t<\/div>\n\t\t\t\t\t<\/div>\n\t\t<\/section>\n\t\t\t\t<\/div>\n\t\t","protected":false},"excerpt":{"rendered":"<p>Wir freuen uns, dass du die Kloster-Oase eG mit deiner Spende unterst\u00fctzt. zeit.geist Stiftung IBAN: DE52 6649 0000 0078 5959 06BIC: GENODE61OG1Volksbank in der Ortenau Verwendungszweck: &#8222;Spende f\u00fcr Kloster-Oase Projekt&#8220; und unbedingt zus\u00e4tzlich deine &#8222;Postanschrift&#8220; angeben, f\u00fcr die Zusendung der Spendenbescheinigung.<\/p>\n","protected":false},"author":1,"featured_media":0,"parent":0,"menu_order":0,"comment_status":"closed","ping_status":"closed","template":"","meta":{"_acf_changed":false,"inline_featured_image":false,"footnotes":""},"class_list":["post-2093","page","type-page","status-publish","hentry"],"acf":[],"_links":{"self":[{"href":"https:\/\/www.kloster-oase.de\/index.php?rest_route=\/wp\/v2\/pages\/2093","targetHints":{"allow":["GET"]}}],"collection":[{"href":"https:\/\/www.kloster-oase.de\/index.php?rest_route=\/wp\/v2\/pages"}],"about":[{"href":"https:\/\/www.kloster-oase.de\/index.php?rest_route=\/wp\/v2\/types\/page"}],"author":[{"embeddable":true,"href":"https:\/\/www.kloster-oase.de\/index.php?rest_route=\/wp\/v2\/users\/1"}],"replies":[{"embeddable":true,"href":"https:\/\/www.kloster-oase.de\/index.php?rest_route=%2Fwp%2Fv2%2Fcomments&post=2093"}],"version-history":[{"count":13,"href":"https:\/\/www.kloster-oase.de\/index.php?rest_route=\/wp\/v2\/pages\/2093\/revisions"}],"predecessor-version":[{"id":2367,"href":"https:\/\/www.kloster-oase.de\/index.php?rest_route=\/wp\/v2\/pages\/2093\/revisions\/2367"}],"wp:attachment":[{"href":"https:\/\/www.kloster-oase.de\/index.php?rest_route=%2Fwp%2Fv2%2Fmedia&parent=2093"}],"curies":[{"name":"wp","href":"https:\/\/api.w.org\/{rel}","templated":true}]}}