{"id":2085,"date":"2022-12-07T17:33:45","date_gmt":"2022-12-07T16:33:45","guid":{"rendered":"https:\/\/www.kloster-oase.de\/?page_id=2085"},"modified":"2025-02-09T12:17:38","modified_gmt":"2025-02-09T11:17:38","slug":"spenden","status":"publish","type":"page","link":"https:\/\/www.kloster-oase.de\/?page_id=2085","title":{"rendered":"Spenden"},"content":{"rendered":"\t\t<div data-elementor-type=\"wp-page\" data-elementor-id=\"2085\" class=\"elementor elementor-2085\">\n\t\t\t\t\t\t<section class=\"elementor-section elementor-top-section elementor-element elementor-element-ccb94ea elementor-section-boxed elementor-section-height-default elementor-section-height-default\" data-id=\"ccb94ea\" data-element_type=\"section\">\n\t\t\t\t\t\t<div class=\"elementor-container elementor-column-gap-default\">\n\t\t\t\t\t<div class=\"elementor-column elementor-col-100 elementor-top-column elementor-element elementor-element-04cd163\" data-id=\"04cd163\" data-element_type=\"column\">\n\t\t\t<div class=\"elementor-widget-wrap elementor-element-populated\">\n\t\t\t\t\t\t<div class=\"elementor-element elementor-element-3c41c97 elementor-widget elementor-widget-text-editor\" data-id=\"3c41c97\" data-element_type=\"widget\" data-widget_type=\"text-editor.default\">\n\t\t\t\t<div class=\"elementor-widget-container\">\n\t\t\t\t\t\t\t\t\t<p>Wir freuen uns, dass du die Kloster-Oase eG mit deiner Spende unterst\u00fctzt. Deine Spende wird unter anderem f\u00fcr den Erhalt des denkmalgesch\u00fctzten Geb\u00e4udebereichs des ehemaligen Klosters verwendet.<\/p>\t\t\t\t\t\t\t\t<\/div>\n\t\t\t\t<\/div>\n\t\t\t\t\t<\/div>\n\t\t<\/div>\n\t\t\t\t\t<\/div>\n\t\t<\/section>\n\t\t\t\t<section class=\"elementor-section elementor-top-section elementor-element elementor-element-e433f13 elementor-section-boxed elementor-section-height-default elementor-section-height-default\" data-id=\"e433f13\" data-element_type=\"section\">\n\t\t\t\t\t\t<div class=\"elementor-container elementor-column-gap-default\">\n\t\t\t\t\t<div class=\"elementor-column elementor-col-50 elementor-top-column elementor-element elementor-element-f1ccbea\" data-id=\"f1ccbea\" data-element_type=\"column\">\n\t\t\t<div class=\"elementor-widget-wrap elementor-element-populated\">\n\t\t\t\t\t\t<div class=\"elementor-element elementor-element-01256ea elementor-widget elementor-widget-image\" data-id=\"01256ea\" data-element_type=\"widget\" data-widget_type=\"image.default\">\n\t\t\t\t<div class=\"elementor-widget-container\">\n\t\t\t\t\t\t\t\t\t\t\t\t\t\t\t\t<a href=\"https:\/\/www.kloster-oase.de\/?page_id=2357\" target=\"_blank\">\n\t\t\t\t\t\t\t<img decoding=\"async\" width=\"300\" height=\"44\" src=\"https:\/\/www.kloster-oase.de\/wp-content\/uploads\/2025\/02\/Spende-per-Ueberweisung-Button-300x44.png\" class=\"attachment-medium size-medium wp-image-2342\" alt=\"\" srcset=\"https:\/\/www.kloster-oase.de\/wp-content\/uploads\/2025\/02\/Spende-per-Ueberweisung-Button-300x44.png 300w, https:\/\/www.kloster-oase.de\/wp-content\/uploads\/2025\/02\/Spende-per-Ueberweisung-Button-1024x151.png 1024w, https:\/\/www.kloster-oase.de\/wp-content\/uploads\/2025\/02\/Spende-per-Ueberweisung-Button-768x113.png 768w, https:\/\/www.kloster-oase.de\/wp-content\/uploads\/2025\/02\/Spende-per-Ueberweisung-Button.png 1085w\" sizes=\"100vw\" \/>\t\t\t\t\t\t\t\t<\/a>\n\t\t\t\t\t\t\t\t\t\t\t\t\t\t\t<\/div>\n\t\t\t\t<\/div>\n\t\t\t\t\t<\/div>\n\t\t<\/div>\n\t\t\t\t<div class=\"elementor-column elementor-col-50 elementor-top-column elementor-element elementor-element-139fcc0\" data-id=\"139fcc0\" data-element_type=\"column\">\n\t\t\t<div class=\"elementor-widget-wrap elementor-element-populated\">\n\t\t\t\t\t\t<div class=\"elementor-element elementor-element-0ad27bb elementor-widget elementor-widget-text-editor\" data-id=\"0ad27bb\" data-element_type=\"widget\" data-widget_type=\"text-editor.default\">\n\t\t\t\t<div class=\"elementor-widget-container\">\n\t\t\t\t\t\t\t\t\t<p>Klicke hier, falls du spenden m\u00f6chtest und <strong>KEINE<\/strong> Spendenbescheinigung brauchst.<\/p>\t\t\t\t\t\t\t\t<\/div>\n\t\t\t\t<\/div>\n\t\t\t\t\t<\/div>\n\t\t<\/div>\n\t\t\t\t\t<\/div>\n\t\t<\/section>\n\t\t\t\t<section class=\"elementor-section elementor-top-section elementor-element elementor-element-7ca7b68 elementor-section-boxed elementor-section-height-default elementor-section-height-default\" data-id=\"7ca7b68\" data-element_type=\"section\">\n\t\t\t\t\t\t<div class=\"elementor-container elementor-column-gap-default\">\n\t\t\t\t\t<div class=\"elementor-column elementor-col-50 elementor-top-column elementor-element elementor-element-836e614\" data-id=\"836e614\" data-element_type=\"column\">\n\t\t\t<div class=\"elementor-widget-wrap elementor-element-populated\">\n\t\t\t\t\t\t<div class=\"elementor-element elementor-element-43192d7 elementor-widget elementor-widget-image\" data-id=\"43192d7\" data-element_type=\"widget\" data-widget_type=\"image.default\">\n\t\t\t\t<div class=\"elementor-widget-container\">\n\t\t\t\t\t\t\t\t\t\t\t\t\t\t\t\t<a href=\"https:\/\/www.paypal.com\/donate\/?hosted_button_id=MKFMVMDFFU3P6\" target=\"_blank\">\n\t\t\t\t\t\t\t<img decoding=\"async\" width=\"300\" height=\"44\" src=\"https:\/\/www.kloster-oase.de\/wp-content\/uploads\/2022\/12\/PayPal-Button-300x44.png\" class=\"attachment-medium size-medium wp-image-2082\" alt=\"\" srcset=\"https:\/\/www.kloster-oase.de\/wp-content\/uploads\/2022\/12\/PayPal-Button-300x44.png 300w, https:\/\/www.kloster-oase.de\/wp-content\/uploads\/2022\/12\/PayPal-Button-1024x151.png 1024w, https:\/\/www.kloster-oase.de\/wp-content\/uploads\/2022\/12\/PayPal-Button-768x113.png 768w, https:\/\/www.kloster-oase.de\/wp-content\/uploads\/2022\/12\/PayPal-Button.png 1085w\" sizes=\"100vw\" \/>\t\t\t\t\t\t\t\t<\/a>\n\t\t\t\t\t\t\t\t\t\t\t\t\t\t\t<\/div>\n\t\t\t\t<\/div>\n\t\t\t\t\t<\/div>\n\t\t<\/div>\n\t\t\t\t<div class=\"elementor-column elementor-col-50 elementor-top-column elementor-element elementor-element-d98b403\" data-id=\"d98b403\" data-element_type=\"column\">\n\t\t\t<div class=\"elementor-widget-wrap elementor-element-populated\">\n\t\t\t\t\t\t<div class=\"elementor-element elementor-element-8a726c2 elementor-widget elementor-widget-text-editor\" data-id=\"8a726c2\" data-element_type=\"widget\" data-widget_type=\"text-editor.default\">\n\t\t\t\t<div class=\"elementor-widget-container\">\n\t\t\t\t\t\t\t\t\t<p>Klicke hier, falls du spenden m\u00f6chtest und <strong>KEINE<\/strong> Spendenbescheinigung brauchst.<\/p>\t\t\t\t\t\t\t\t<\/div>\n\t\t\t\t<\/div>\n\t\t\t\t\t<\/div>\n\t\t<\/div>\n\t\t\t\t\t<\/div>\n\t\t<\/section>\n\t\t\t\t<section class=\"elementor-section elementor-top-section elementor-element elementor-element-843cddd elementor-section-boxed elementor-section-height-default elementor-section-height-default\" data-id=\"843cddd\" data-element_type=\"section\">\n\t\t\t\t\t\t<div class=\"elementor-container elementor-column-gap-default\">\n\t\t\t\t\t<div class=\"elementor-column elementor-col-50 elementor-top-column elementor-element elementor-element-47a363b\" data-id=\"47a363b\" data-element_type=\"column\">\n\t\t\t<div class=\"elementor-widget-wrap elementor-element-populated\">\n\t\t\t\t\t\t<div class=\"elementor-element elementor-element-d96c2e7 elementor-widget elementor-widget-image\" data-id=\"d96c2e7\" data-element_type=\"widget\" data-widget_type=\"image.default\">\n\t\t\t\t<div class=\"elementor-widget-container\">\n\t\t\t\t\t\t\t\t\t\t\t\t\t\t\t\t<a href=\"https:\/\/www.kloster-oase.de\/?page_id=2093\" target=\"_blank\">\n\t\t\t\t\t\t\t<img decoding=\"async\" width=\"300\" height=\"44\" src=\"https:\/\/www.kloster-oase.de\/wp-content\/uploads\/2022\/12\/zeit.geist-Stiftung-Button-300x44.png\" class=\"attachment-medium size-medium wp-image-2083\" alt=\"\" srcset=\"https:\/\/www.kloster-oase.de\/wp-content\/uploads\/2022\/12\/zeit.geist-Stiftung-Button-300x44.png 300w, https:\/\/www.kloster-oase.de\/wp-content\/uploads\/2022\/12\/zeit.geist-Stiftung-Button-1024x151.png 1024w, https:\/\/www.kloster-oase.de\/wp-content\/uploads\/2022\/12\/zeit.geist-Stiftung-Button-768x113.png 768w, https:\/\/www.kloster-oase.de\/wp-content\/uploads\/2022\/12\/zeit.geist-Stiftung-Button.png 1085w\" sizes=\"100vw\" \/>\t\t\t\t\t\t\t\t<\/a>\n\t\t\t\t\t\t\t\t\t\t\t\t\t\t\t<\/div>\n\t\t\t\t<\/div>\n\t\t\t\t\t<\/div>\n\t\t<\/div>\n\t\t\t\t<div class=\"elementor-column elementor-col-50 elementor-top-column elementor-element elementor-element-01b71f8\" data-id=\"01b71f8\" data-element_type=\"column\">\n\t\t\t<div class=\"elementor-widget-wrap elementor-element-populated\">\n\t\t\t\t\t\t<div class=\"elementor-element elementor-element-dc4a817 elementor-widget elementor-widget-text-editor\" data-id=\"dc4a817\" data-element_type=\"widget\" data-widget_type=\"text-editor.default\">\n\t\t\t\t<div class=\"elementor-widget-container\">\n\t\t\t\t\t\t\t\t\t<p>Klicke hier, falls du spenden m\u00f6chtest und eine Spendenbescheinigung brauchst. Kleinspenden bis 200 Euro sind ohne Spendenbescheinigung absetzungsf\u00e4hig. Ab 200 Euro erh\u00e4lst du eine Spendenbescheinigung von der gemeinn\u00fctzigen zeit.geist Stiftung.<\/p>\t\t\t\t\t\t\t\t<\/div>\n\t\t\t\t<\/div>\n\t\t\t\t\t<\/div>\n\t\t<\/div>\n\t\t\t\t\t<\/div>\n\t\t<\/section>\n\t\t\t\t<\/div>\n\t\t","protected":false},"excerpt":{"rendered":"<p>Wir freuen uns, dass du die Kloster-Oase eG mit deiner Spende unterst\u00fctzt. Deine Spende wird unter anderem f\u00fcr den Erhalt des denkmalgesch\u00fctzten Geb\u00e4udebereichs des ehemaligen Klosters verwendet. Klicke hier, falls du spenden m\u00f6chtest und KEINE Spendenbescheinigung brauchst. Klicke hier, falls du spenden m\u00f6chtest und KEINE Spendenbescheinigung brauchst. Klicke hier, falls du spenden m\u00f6chtest und eine &hellip; <\/p>\n<p class=\"link-more\"><a href=\"https:\/\/www.kloster-oase.de\/?page_id=2085\" class=\"more-link\"><span class=\"screen-reader-text\">\u201eSpenden\u201c<\/span> weiterlesen<\/a><\/p>\n","protected":false},"author":1,"featured_media":0,"parent":0,"menu_order":0,"comment_status":"closed","ping_status":"closed","template":"","meta":{"_acf_changed":false,"inline_featured_image":false,"footnotes":""},"class_list":["post-2085","page","type-page","status-publish","hentry"],"acf":[],"_links":{"self":[{"href":"https:\/\/www.kloster-oase.de\/index.php?rest_route=\/wp\/v2\/pages\/2085","targetHints":{"allow":["GET"]}}],"collection":[{"href":"https:\/\/www.kloster-oase.de\/index.php?rest_route=\/wp\/v2\/pages"}],"about":[{"href":"https:\/\/www.kloster-oase.de\/index.php?rest_route=\/wp\/v2\/types\/page"}],"author":[{"embeddable":true,"href":"https:\/\/www.kloster-oase.de\/index.php?rest_route=\/wp\/v2\/users\/1"}],"replies":[{"embeddable":true,"href":"https:\/\/www.kloster-oase.de\/index.php?rest_route=%2Fwp%2Fv2%2Fcomments&post=2085"}],"version-history":[{"count":26,"href":"https:\/\/www.kloster-oase.de\/index.php?rest_route=\/wp\/v2\/pages\/2085\/revisions"}],"predecessor-version":[{"id":2364,"href":"https:\/\/www.kloster-oase.de\/index.php?rest_route=\/wp\/v2\/pages\/2085\/revisions\/2364"}],"wp:attachment":[{"href":"https:\/\/www.kloster-oase.de\/index.php?rest_route=%2Fwp%2Fv2%2Fmedia&parent=2085"}],"curies":[{"name":"wp","href":"https:\/\/api.w.org\/{rel}","templated":true}]}}