{"id":1866,"date":"2022-09-25T16:29:49","date_gmt":"2022-09-25T14:29:49","guid":{"rendered":"https:\/\/www.kloster-oase.de\/?page_id=1866"},"modified":"2025-02-09T08:34:05","modified_gmt":"2025-02-09T07:34:05","slug":"beteiligung","status":"publish","type":"page","link":"https:\/\/www.kloster-oase.de\/?page_id=1866","title":{"rendered":"Beteiligung"},"content":{"rendered":"\t\t<div data-elementor-type=\"wp-page\" data-elementor-id=\"1866\" class=\"elementor elementor-1866\">\n\t\t\t\t\t\t<section class=\"elementor-section elementor-top-section elementor-element elementor-element-ccb94ea elementor-section-boxed elementor-section-height-default elementor-section-height-default\" data-id=\"ccb94ea\" data-element_type=\"section\">\n\t\t\t\t\t\t<div class=\"elementor-container elementor-column-gap-default\">\n\t\t\t\t\t<div class=\"elementor-column elementor-col-100 elementor-top-column elementor-element elementor-element-04cd163\" data-id=\"04cd163\" data-element_type=\"column\">\n\t\t\t<div class=\"elementor-widget-wrap elementor-element-populated\">\n\t\t\t\t\t\t<div class=\"elementor-element elementor-element-3c41c97 elementor-widget elementor-widget-text-editor\" data-id=\"3c41c97\" data-element_type=\"widget\" data-widget_type=\"text-editor.default\">\n\t\t\t\t<div class=\"elementor-widget-container\">\n\t\t\t\t\t\t\t\t\t<p>Wir freuen uns, dass du dich an der Kloster-Oase beteiligen m\u00f6chtest.<\/p>\t\t\t\t\t\t\t\t<\/div>\n\t\t\t\t<\/div>\n\t\t\t\t\t<\/div>\n\t\t<\/div>\n\t\t\t\t\t<\/div>\n\t\t<\/section>\n\t\t\t\t<section class=\"elementor-section elementor-top-section elementor-element elementor-element-e433f13 elementor-section-boxed elementor-section-height-default elementor-section-height-default\" data-id=\"e433f13\" data-element_type=\"section\">\n\t\t\t\t\t\t<div class=\"elementor-container elementor-column-gap-default\">\n\t\t\t\t\t<div class=\"elementor-column elementor-col-50 elementor-top-column elementor-element elementor-element-f1ccbea\" data-id=\"f1ccbea\" data-element_type=\"column\">\n\t\t\t<div class=\"elementor-widget-wrap elementor-element-populated\">\n\t\t\t\t\t\t<div class=\"elementor-element elementor-element-01256ea elementor-widget elementor-widget-image\" data-id=\"01256ea\" data-element_type=\"widget\" data-widget_type=\"image.default\">\n\t\t\t\t<div class=\"elementor-widget-container\">\n\t\t\t\t\t\t\t\t\t\t\t\t\t\t\t\t<a href=\"https:\/\/www.kloster-oase.de\/wp-content\/uploads\/2022\/09\/Ersteintritt-Beitrittserklaerung_zweiseitig.pdf\" target=\"_blank\">\n\t\t\t\t\t\t\t<img decoding=\"async\" width=\"300\" height=\"44\" src=\"https:\/\/www.kloster-oase.de\/wp-content\/uploads\/2022\/09\/Button-Erstbeteiligung-300x44.png\" class=\"attachment-medium size-medium wp-image-1864\" alt=\"\" srcset=\"https:\/\/www.kloster-oase.de\/wp-content\/uploads\/2022\/09\/Button-Erstbeteiligung-300x44.png 300w, https:\/\/www.kloster-oase.de\/wp-content\/uploads\/2022\/09\/Button-Erstbeteiligung-1024x151.png 1024w, https:\/\/www.kloster-oase.de\/wp-content\/uploads\/2022\/09\/Button-Erstbeteiligung-768x113.png 768w, https:\/\/www.kloster-oase.de\/wp-content\/uploads\/2022\/09\/Button-Erstbeteiligung.png 1085w\" sizes=\"100vw\" \/>\t\t\t\t\t\t\t\t<\/a>\n\t\t\t\t\t\t\t\t\t\t\t\t\t\t\t<\/div>\n\t\t\t\t<\/div>\n\t\t\t\t\t<\/div>\n\t\t<\/div>\n\t\t\t\t<div class=\"elementor-column elementor-col-50 elementor-top-column elementor-element elementor-element-139fcc0\" data-id=\"139fcc0\" data-element_type=\"column\">\n\t\t\t<div class=\"elementor-widget-wrap elementor-element-populated\">\n\t\t\t\t\t\t<div class=\"elementor-element elementor-element-0ad27bb elementor-widget elementor-widget-text-editor\" data-id=\"0ad27bb\" data-element_type=\"widget\" data-widget_type=\"text-editor.default\">\n\t\t\t\t<div class=\"elementor-widget-container\">\n\t\t\t\t\t\t\t\t\t<p>Klicke hier, falls du erstmalig Anteile zeichnen m\u00f6chtest.<\/p>\t\t\t\t\t\t\t\t<\/div>\n\t\t\t\t<\/div>\n\t\t\t\t\t<\/div>\n\t\t<\/div>\n\t\t\t\t\t<\/div>\n\t\t<\/section>\n\t\t\t\t<section class=\"elementor-section elementor-top-section elementor-element elementor-element-843cddd elementor-section-boxed elementor-section-height-default elementor-section-height-default\" data-id=\"843cddd\" data-element_type=\"section\">\n\t\t\t\t\t\t<div class=\"elementor-container elementor-column-gap-default\">\n\t\t\t\t\t<div class=\"elementor-column elementor-col-50 elementor-top-column elementor-element elementor-element-47a363b\" data-id=\"47a363b\" data-element_type=\"column\">\n\t\t\t<div class=\"elementor-widget-wrap elementor-element-populated\">\n\t\t\t\t\t\t<div class=\"elementor-element elementor-element-d96c2e7 elementor-widget elementor-widget-image\" data-id=\"d96c2e7\" data-element_type=\"widget\" data-widget_type=\"image.default\">\n\t\t\t\t<div class=\"elementor-widget-container\">\n\t\t\t\t\t\t\t\t\t\t\t\t\t\t\t\t<a href=\"https:\/\/www.kloster-oase.de\/wp-content\/uploads\/2022\/09\/Weitere_Beteiligungserklaerung_zweiseitig.pdf\" target=\"_blank\">\n\t\t\t\t\t\t\t<img decoding=\"async\" width=\"300\" height=\"44\" src=\"https:\/\/www.kloster-oase.de\/wp-content\/uploads\/2022\/09\/Button-Weitere-Beteiligung-300x44.png\" class=\"attachment-medium size-medium wp-image-1865\" alt=\"\" srcset=\"https:\/\/www.kloster-oase.de\/wp-content\/uploads\/2022\/09\/Button-Weitere-Beteiligung-300x44.png 300w, https:\/\/www.kloster-oase.de\/wp-content\/uploads\/2022\/09\/Button-Weitere-Beteiligung-1024x151.png 1024w, https:\/\/www.kloster-oase.de\/wp-content\/uploads\/2022\/09\/Button-Weitere-Beteiligung-768x113.png 768w, https:\/\/www.kloster-oase.de\/wp-content\/uploads\/2022\/09\/Button-Weitere-Beteiligung.png 1085w\" sizes=\"100vw\" \/>\t\t\t\t\t\t\t\t<\/a>\n\t\t\t\t\t\t\t\t\t\t\t\t\t\t\t<\/div>\n\t\t\t\t<\/div>\n\t\t\t\t\t<\/div>\n\t\t<\/div>\n\t\t\t\t<div class=\"elementor-column elementor-col-50 elementor-top-column elementor-element elementor-element-01b71f8\" data-id=\"01b71f8\" data-element_type=\"column\">\n\t\t\t<div class=\"elementor-widget-wrap elementor-element-populated\">\n\t\t\t\t\t\t<div class=\"elementor-element elementor-element-dc4a817 elementor-widget elementor-widget-text-editor\" data-id=\"dc4a817\" data-element_type=\"widget\" data-widget_type=\"text-editor.default\">\n\t\t\t\t<div class=\"elementor-widget-container\">\n\t\t\t\t\t\t\t\t\t<p>Klicke hier, falls du bereits Mitglied bist und gern weitere Anteile zeichnen m\u00f6chtest.<\/p>\t\t\t\t\t\t\t\t<\/div>\n\t\t\t\t<\/div>\n\t\t\t\t\t<\/div>\n\t\t<\/div>\n\t\t\t\t\t<\/div>\n\t\t<\/section>\n\t\t\t\t<\/div>\n\t\t","protected":false},"excerpt":{"rendered":"<p>Wir freuen uns, dass du dich an der Kloster-Oase beteiligen m\u00f6chtest. Klicke hier, falls du erstmalig Anteile zeichnen m\u00f6chtest. Klicke hier, falls du bereits Mitglied bist und gern weitere Anteile zeichnen m\u00f6chtest.<\/p>\n","protected":false},"author":1,"featured_media":0,"parent":0,"menu_order":0,"comment_status":"closed","ping_status":"closed","template":"","meta":{"_acf_changed":false,"inline_featured_image":false,"footnotes":""},"class_list":["post-1866","page","type-page","status-publish","hentry"],"acf":[],"_links":{"self":[{"href":"https:\/\/www.kloster-oase.de\/index.php?rest_route=\/wp\/v2\/pages\/1866","targetHints":{"allow":["GET"]}}],"collection":[{"href":"https:\/\/www.kloster-oase.de\/index.php?rest_route=\/wp\/v2\/pages"}],"about":[{"href":"https:\/\/www.kloster-oase.de\/index.php?rest_route=\/wp\/v2\/types\/page"}],"author":[{"embeddable":true,"href":"https:\/\/www.kloster-oase.de\/index.php?rest_route=\/wp\/v2\/users\/1"}],"replies":[{"embeddable":true,"href":"https:\/\/www.kloster-oase.de\/index.php?rest_route=%2Fwp%2Fv2%2Fcomments&post=1866"}],"version-history":[{"count":22,"href":"https:\/\/www.kloster-oase.de\/index.php?rest_route=\/wp\/v2\/pages\/1866\/revisions"}],"predecessor-version":[{"id":2201,"href":"https:\/\/www.kloster-oase.de\/index.php?rest_route=\/wp\/v2\/pages\/1866\/revisions\/2201"}],"wp:attachment":[{"href":"https:\/\/www.kloster-oase.de\/index.php?rest_route=%2Fwp%2Fv2%2Fmedia&parent=1866"}],"curies":[{"name":"wp","href":"https:\/\/api.w.org\/{rel}","templated":true}]}}