{"id":112,"date":"2021-04-21T12:31:09","date_gmt":"2021-04-21T10:31:09","guid":{"rendered":"https:\/\/www.kloster-oase.de\/?page_id=112"},"modified":"2025-07-04T13:59:07","modified_gmt":"2025-07-04T11:59:07","slug":"impressum","status":"publish","type":"page","link":"https:\/\/www.kloster-oase.de\/?page_id=112","title":{"rendered":"Impressum"},"content":{"rendered":"\t\t<div data-elementor-type=\"wp-page\" data-elementor-id=\"112\" class=\"elementor elementor-112\">\n\t\t\t\t\t\t<section class=\"elementor-section elementor-top-section elementor-element elementor-element-d8d67eb elementor-section-boxed elementor-section-height-default elementor-section-height-default\" data-id=\"d8d67eb\" data-element_type=\"section\">\n\t\t\t\t\t\t<div class=\"elementor-container elementor-column-gap-default\">\n\t\t\t\t\t<div class=\"elementor-column elementor-col-100 elementor-top-column elementor-element elementor-element-a40d65b\" data-id=\"a40d65b\" data-element_type=\"column\">\n\t\t\t<div class=\"elementor-widget-wrap elementor-element-populated\">\n\t\t\t\t\t\t<div class=\"elementor-element elementor-element-6671823 elementor-widget elementor-widget-text-editor\" data-id=\"6671823\" data-element_type=\"widget\" data-widget_type=\"text-editor.default\">\n\t\t\t\t<div class=\"elementor-widget-container\">\n\t\t\t\t\t\t\t\t\t<p><strong>Kloster-Oase eG<br \/><\/strong><strong><span style=\"font-weight: normal;\">Josef-B\u00e4der-Weg 4<br \/><\/span><\/strong><strong><span style=\"font-weight: normal;\"> 77815 B\u00fchl-Neusatz<\/span><\/strong><\/p><p><strong>Vertreten durch<br \/><\/strong>Joachim B\u00e4r<br \/>Sulia Kiesewetter<\/p><p><strong><b>Kontakt<br \/><\/b><\/strong>Tel.: +49 (0) 7223 &#8211; 7672930<br \/>E-Mail: <a href=\"mailto:office@kloster-oase.de\">office@kloster-oase.de<\/a><\/p><p><strong>Aufsichtsrat<br \/><\/strong>Nadine Emde<br \/>Franz Fallert<br \/>Johannes Kurz<\/p><p><strong>Genossenschaftsregister<br \/><\/strong><span style=\"font-size: 1rem;\">Nr. 700135 beim Amtsgericht Mannheim<\/span><\/p><p><strong>Genossenschaftspr\u00fcfungsverband<br \/><\/strong>DEGP | Deutsch-Europ\u00e4ischer Genossenschafts- u. Pr\u00fcfungsverband e.V.<\/p>\t\t\t\t\t\t\t\t<\/div>\n\t\t\t\t<\/div>\n\t\t\t\t\t<\/div>\n\t\t<\/div>\n\t\t\t\t\t<\/div>\n\t\t<\/section>\n\t\t\t\t<section class=\"elementor-section elementor-top-section elementor-element elementor-element-3c082ec elementor-section-boxed elementor-section-height-default elementor-section-height-default\" data-id=\"3c082ec\" data-element_type=\"section\">\n\t\t\t\t\t\t<div class=\"elementor-container elementor-column-gap-default\">\n\t\t\t\t\t<div class=\"elementor-column elementor-col-100 elementor-top-column elementor-element elementor-element-38433f9\" data-id=\"38433f9\" data-element_type=\"column\">\n\t\t\t<div class=\"elementor-widget-wrap elementor-element-populated\">\n\t\t\t\t\t\t<div class=\"elementor-element elementor-element-8938f11 elementor-widget elementor-widget-text-editor\" data-id=\"8938f11\" data-element_type=\"widget\" data-widget_type=\"text-editor.default\">\n\t\t\t\t<div class=\"elementor-widget-container\">\n\t\t\t\t\t\t\t\t\t<p>Der Autor \u00fcbernimmt keinerlei Gew\u00e4hr f\u00fcr die Aktualit\u00e4t, Korrektheit, Vollst\u00e4ndigkeit oder Qualit\u00e4t der bereitgestellten Informationen. Haftungsanspr\u00fcche gegen den Autor, welche sich auf Sch\u00e4den materieller oder ideeller Art beziehen, die durch die Nutzung oder Nichtnutzung der dargebotenen Informationen bzw. durch die Nutzung fehlerhafter und unvollst\u00e4ndiger Informationen verursacht wurden, sind grunds\u00e4tzlich ausgeschlossen, sofern seitens des Autors kein nachweislich vors\u00e4tzliches oder grob fahrl\u00e4ssiges Verschulden vorliegt. Alle Angebote sind freibleibend und unverbindlich. Der Autor beh\u00e4lt es sich ausdr\u00fccklich vor, Teile der Seiten oder das gesamte Angebot ohne gesonderte Ank\u00fcndigung zu ver\u00e4ndern, zu erg\u00e4nzen, zu l\u00f6schen oder die Ver\u00f6ffentlichung zeitweise oder endg\u00fcltig einzustellen.<\/p>\t\t\t\t\t\t\t\t<\/div>\n\t\t\t\t<\/div>\n\t\t\t\t\t<\/div>\n\t\t<\/div>\n\t\t\t\t\t<\/div>\n\t\t<\/section>\n\t\t\t\t<section class=\"elementor-section elementor-top-section elementor-element elementor-element-d69a310 elementor-section-boxed elementor-section-height-default elementor-section-height-default\" data-id=\"d69a310\" data-element_type=\"section\">\n\t\t\t\t\t\t<div class=\"elementor-container elementor-column-gap-default\">\n\t\t\t\t\t<div class=\"elementor-column elementor-col-100 elementor-top-column elementor-element elementor-element-48f1b23\" data-id=\"48f1b23\" data-element_type=\"column\">\n\t\t\t<div class=\"elementor-widget-wrap elementor-element-populated\">\n\t\t\t\t\t\t<div class=\"elementor-element elementor-element-3c92d74 elementor-widget elementor-widget-text-editor\" data-id=\"3c92d74\" data-element_type=\"widget\" data-widget_type=\"text-editor.default\">\n\t\t\t\t<div class=\"elementor-widget-container\">\n\t\t\t\t\t\t\t\t\t<h3>Disclaimer<\/h3><h4><strong>Haftung f\u00fcr Inhalte<\/strong><\/h4><p>Als Diensteanbieter sind wir gem\u00e4\u00df \u00a7 7 Abs.1 TMG f\u00fcr eigene Inhalte auf diesen Seiten nach den allgemeinen Gesetzen verantwortlich. Nach \u00a7\u00a7 8 bis 10 TMG sind wir als Diensteanbieter jedoch nicht verpflichtet, \u00fcbermittelte oder gespeicherte fremde Informationen zu \u00fcberwachen oder nach Umst\u00e4nden zu forschen, die auf eine rechtswidrige T\u00e4tigkeit hinweisen. Verpflichtungen zur Entfernung oder Sperrung der Nutzung von Informationen nach den allgemeinen Gesetzen bleiben hiervon unber\u00fchrt. Eine diesbez\u00fcgliche Haftung ist jedoch erst ab dem Zeitpunkt der Kenntnis einer konkreten Rechtsverletzung m\u00f6glich. Bei Bekanntwerden von entsprechenden Rechtsverletzungen werden wir diese Inhalte umgehend entfernen.<\/p><h4><strong>Haftung f\u00fcr Links<\/strong><\/h4><p>Unser Angebot enth\u00e4lt Links zu externen Webseiten Dritter, auf deren Inhalte wir keinen Einfluss haben. Deshalb k\u00f6nnen wir f\u00fcr diese fremden Inhalte auch keine Gew\u00e4hr \u00fcbernehmen. F\u00fcr die Inhalte der verlinkten Seiten ist stets der jeweilige Anbieter oder Betreiber der Seiten verantwortlich. Die verlinkten Seiten wurden zum Zeitpunkt der Verlinkung auf m\u00f6gliche Rechtsverst\u00f6\u00dfe \u00fcberpr\u00fcft. Rechtswidrige Inhalte waren zum Zeitpunkt der Verlinkung nicht erkennbar. Eine permanente inhaltliche Kontrolle der verlinkten Seiten ist jedoch ohne konkrete Anhaltspunkte einer Rechtsverletzung nicht zumutbar. Bei Bekanntwerden von Rechtsverletzungen werden wir derartige Links umgehend entfernen.<\/p><h4><strong>Urheberrecht<\/strong><\/h4><p>Die durch die Seitenbetreiber erstellten Inhalte und Werke auf diesen Seiten unterliegen dem deutschen Urheberrecht. Die Vervielf\u00e4ltigung, Bearbeitung, Verbreitung und jede Art der Verwertung au\u00dferhalb der Grenzen des Urheberrechtes bed\u00fcrfen der schriftlichen Zustimmung des jeweiligen Autors bzw. Erstellers. Downloads und Kopien dieser Seite sind nur f\u00fcr den privaten, nicht kommerziellen Gebrauch gestattet. Soweit die Inhalte auf dieser Seite nicht vom Betreiber erstellt wurden, werden die Urheberrechte Dritter beachtet. Insbesondere werden Inhalte Dritter als solche gekennzeichnet. Sollten Sie trotzdem auf eine Urheberrechtsverletzung aufmerksam werden, bitten wir um einen entsprechenden Hinweis. Bei Bekanntwerden von Rechtsverletzungen werden wir derartige Inhalte umgehend entfernen.<\/p>\t\t\t\t\t\t\t\t<\/div>\n\t\t\t\t<\/div>\n\t\t\t\t\t<\/div>\n\t\t<\/div>\n\t\t\t\t\t<\/div>\n\t\t<\/section>\n\t\t\t\t<section class=\"elementor-section elementor-top-section elementor-element elementor-element-f31fcf0 elementor-section-boxed elementor-section-height-default elementor-section-height-default\" data-id=\"f31fcf0\" data-element_type=\"section\">\n\t\t\t\t\t\t<div class=\"elementor-container elementor-column-gap-default\">\n\t\t\t\t\t<div class=\"elementor-column elementor-col-100 elementor-top-column elementor-element elementor-element-42fe211\" data-id=\"42fe211\" data-element_type=\"column\">\n\t\t\t<div class=\"elementor-widget-wrap elementor-element-populated\">\n\t\t\t\t\t\t<div class=\"elementor-element elementor-element-2351412 elementor-widget elementor-widget-text-editor\" data-id=\"2351412\" data-element_type=\"widget\" data-widget_type=\"text-editor.default\">\n\t\t\t\t<div class=\"elementor-widget-container\">\n\t\t\t\t\t\t\t\t\t<p><em><strong>Quellverweise<\/strong>:<br \/>Disclaimer und Rechtstexte von\u00a0<a href=\"http:\/\/www.e-recht24.de\/muster-disclaimer.html\" target=\"_blank\" rel=\"noreferrer noopener\" aria-label=\"eRecht24 (opens in a new tab)\">eRecht24<\/a><br \/>Bilder und Grafiken von\u00a0<\/em><a href=\"http:\/\/www.pixabay.com\/\" target=\"_blank\" rel=\"noreferrer noopener\" aria-label=\"pixabay.com (opens in a new tab)\">pixabay.com<\/a>,\u00a0<a href=\"http:\/\/www.unsplash.com\/\" target=\"_blank\" rel=\"noreferrer noopener\" aria-label=\"unsplash.com (opens in a new tab)\">unsplash.com<\/a><\/p>\t\t\t\t\t\t\t\t<\/div>\n\t\t\t\t<\/div>\n\t\t\t\t\t<\/div>\n\t\t<\/div>\n\t\t\t\t\t<\/div>\n\t\t<\/section>\n\t\t\t\t<\/div>\n\t\t","protected":false},"excerpt":{"rendered":"<p>Kloster-Oase eGJosef-B\u00e4der-Weg 4 77815 B\u00fchl-Neusatz Vertreten durchJoachim B\u00e4rSulia Kiesewetter KontaktTel.: +49 (0) 7223 &#8211; 7672930E-Mail: office@kloster-oase.de AufsichtsratNadine EmdeFranz FallertJohannes Kurz GenossenschaftsregisterNr. 700135 beim Amtsgericht Mannheim Genossenschaftspr\u00fcfungsverbandDEGP | Deutsch-Europ\u00e4ischer Genossenschafts- u. Pr\u00fcfungsverband e.V. Der Autor \u00fcbernimmt keinerlei Gew\u00e4hr f\u00fcr die Aktualit\u00e4t, Korrektheit, Vollst\u00e4ndigkeit oder Qualit\u00e4t der bereitgestellten Informationen. Haftungsanspr\u00fcche gegen den Autor, welche sich auf Sch\u00e4den &hellip; <\/p>\n<p class=\"link-more\"><a href=\"https:\/\/www.kloster-oase.de\/?page_id=112\" class=\"more-link\"><span class=\"screen-reader-text\">\u201eImpressum\u201c<\/span> weiterlesen<\/a><\/p>\n","protected":false},"author":1,"featured_media":0,"parent":0,"menu_order":0,"comment_status":"closed","ping_status":"closed","template":"","meta":{"_acf_changed":false,"inline_featured_image":false,"footnotes":""},"class_list":["post-112","page","type-page","status-publish","hentry"],"acf":[],"_links":{"self":[{"href":"https:\/\/www.kloster-oase.de\/index.php?rest_route=\/wp\/v2\/pages\/112","targetHints":{"allow":["GET"]}}],"collection":[{"href":"https:\/\/www.kloster-oase.de\/index.php?rest_route=\/wp\/v2\/pages"}],"about":[{"href":"https:\/\/www.kloster-oase.de\/index.php?rest_route=\/wp\/v2\/types\/page"}],"author":[{"embeddable":true,"href":"https:\/\/www.kloster-oase.de\/index.php?rest_route=\/wp\/v2\/users\/1"}],"replies":[{"embeddable":true,"href":"https:\/\/www.kloster-oase.de\/index.php?rest_route=%2Fwp%2Fv2%2Fcomments&post=112"}],"version-history":[{"count":39,"href":"https:\/\/www.kloster-oase.de\/index.php?rest_route=\/wp\/v2\/pages\/112\/revisions"}],"predecessor-version":[{"id":2627,"href":"https:\/\/www.kloster-oase.de\/index.php?rest_route=\/wp\/v2\/pages\/112\/revisions\/2627"}],"wp:attachment":[{"href":"https:\/\/www.kloster-oase.de\/index.php?rest_route=%2Fwp%2Fv2%2Fmedia&parent=112"}],"curies":[{"name":"wp","href":"https:\/\/api.w.org\/{rel}","templated":true}]}}