{"id":10,"date":"2021-03-29T10:01:59","date_gmt":"2021-03-29T08:01:59","guid":{"rendered":"https:\/\/www.kloster-oase.de\/?page_id=10"},"modified":"2026-02-14T11:56:40","modified_gmt":"2026-02-14T10:56:40","slug":"startseite","status":"publish","type":"page","link":"https:\/\/www.kloster-oase.de\/","title":{"rendered":""},"content":{"rendered":"\t\t<div data-elementor-type=\"wp-page\" data-elementor-id=\"10\" class=\"elementor elementor-10\">\n\t\t\t\t\t\t<section class=\"elementor-section elementor-top-section elementor-element elementor-element-430b84e elementor-section-boxed elementor-section-height-default elementor-section-height-default\" data-id=\"430b84e\" data-element_type=\"section\">\n\t\t\t\t\t\t<div class=\"elementor-container elementor-column-gap-default\">\n\t\t\t\t\t<div class=\"elementor-column elementor-col-100 elementor-top-column elementor-element elementor-element-45fdefa\" data-id=\"45fdefa\" data-element_type=\"column\">\n\t\t\t<div class=\"elementor-widget-wrap elementor-element-populated\">\n\t\t\t\t\t\t<div class=\"elementor-element elementor-element-3d42c47 elementor-widget elementor-widget-video\" data-id=\"3d42c47\" data-element_type=\"widget\" data-settings=\"{&quot;video_type&quot;:&quot;hosted&quot;,&quot;controls&quot;:&quot;yes&quot;}\" data-widget_type=\"video.default\">\n\t\t\t\t<div class=\"elementor-widget-container\">\n\t\t\t\t\t\t\t<div class=\"e-hosted-video elementor-wrapper elementor-open-inline\">\n\t\t\t\t\t<video class=\"elementor-video\" src=\"https:\/\/www.kloster-oase.de\/wp-content\/uploads\/1656\/93\/Kloster-Clip-Juli-2022.mp4\" controls=\"\" preload=\"metadata\" controlsList=\"nodownload\" poster=\"https:\/\/www.kloster-oase.de\/wp-content\/uploads\/2022\/06\/kloster-oase-cover.png\"><\/video>\n\t\t\t\t<\/div>\n\t\t\t\t\t\t<\/div>\n\t\t\t\t<\/div>\n\t\t\t\t\t<\/div>\n\t\t<\/div>\n\t\t\t\t\t<\/div>\n\t\t<\/section>\n\t\t\t\t<section class=\"elementor-section elementor-top-section elementor-element elementor-element-217f694 elementor-section-boxed elementor-section-height-default elementor-section-height-default\" data-id=\"217f694\" data-element_type=\"section\">\n\t\t\t\t\t\t<div class=\"elementor-container elementor-column-gap-default\">\n\t\t\t\t\t<div class=\"elementor-column elementor-col-50 elementor-top-column elementor-element elementor-element-dbefd88\" data-id=\"dbefd88\" data-element_type=\"column\">\n\t\t\t<div class=\"elementor-widget-wrap elementor-element-populated\">\n\t\t\t\t\t\t<div class=\"elementor-element elementor-element-cbe1cb4 elementor-widget elementor-widget-image\" data-id=\"cbe1cb4\" data-element_type=\"widget\" data-widget_type=\"image.default\">\n\t\t\t\t<div class=\"elementor-widget-container\">\n\t\t\t\t\t\t\t\t\t\t\t\t\t\t\t\t<a href=\"https:\/\/www.kloster-oase.de\/?page_id=1866\" target=\"_blank\">\n\t\t\t\t\t\t\t<img decoding=\"async\" width=\"300\" height=\"44\" src=\"https:\/\/www.kloster-oase.de\/wp-content\/uploads\/2025\/02\/Beteiligungserklaerung-Button-300x44.png\" class=\"attachment-medium size-medium wp-image-2341\" alt=\"\" srcset=\"https:\/\/www.kloster-oase.de\/wp-content\/uploads\/2025\/02\/Beteiligungserklaerung-Button-300x44.png 300w, https:\/\/www.kloster-oase.de\/wp-content\/uploads\/2025\/02\/Beteiligungserklaerung-Button-1024x151.png 1024w, https:\/\/www.kloster-oase.de\/wp-content\/uploads\/2025\/02\/Beteiligungserklaerung-Button-768x113.png 768w, https:\/\/www.kloster-oase.de\/wp-content\/uploads\/2025\/02\/Beteiligungserklaerung-Button.png 1085w\" sizes=\"100vw\" \/>\t\t\t\t\t\t\t\t<\/a>\n\t\t\t\t\t\t\t\t\t\t\t\t\t\t\t<\/div>\n\t\t\t\t<\/div>\n\t\t\t\t\t<\/div>\n\t\t<\/div>\n\t\t\t\t<div class=\"elementor-column elementor-col-50 elementor-top-column elementor-element elementor-element-566e917\" data-id=\"566e917\" data-element_type=\"column\">\n\t\t\t<div class=\"elementor-widget-wrap elementor-element-populated\">\n\t\t\t\t\t\t<div class=\"elementor-element elementor-element-1f4264b elementor-widget elementor-widget-image\" data-id=\"1f4264b\" data-element_type=\"widget\" data-widget_type=\"image.default\">\n\t\t\t\t<div class=\"elementor-widget-container\">\n\t\t\t\t\t\t\t\t\t\t\t\t\t\t\t\t<a href=\"https:\/\/widgets.yolawo.de\/w\/6337513972956a602a8cb9e5\" target=\"_blank\">\n\t\t\t\t\t\t\t<img decoding=\"async\" width=\"300\" height=\"44\" src=\"https:\/\/www.kloster-oase.de\/wp-content\/uploads\/2025\/02\/Kennenlern-Cafes-Button-300x44.png\" class=\"attachment-medium size-medium wp-image-2242\" alt=\"\" srcset=\"https:\/\/www.kloster-oase.de\/wp-content\/uploads\/2025\/02\/Kennenlern-Cafes-Button-300x44.png 300w, https:\/\/www.kloster-oase.de\/wp-content\/uploads\/2025\/02\/Kennenlern-Cafes-Button-1024x151.png 1024w, https:\/\/www.kloster-oase.de\/wp-content\/uploads\/2025\/02\/Kennenlern-Cafes-Button-768x113.png 768w, https:\/\/www.kloster-oase.de\/wp-content\/uploads\/2025\/02\/Kennenlern-Cafes-Button.png 1085w\" sizes=\"100vw\" \/>\t\t\t\t\t\t\t\t<\/a>\n\t\t\t\t\t\t\t\t\t\t\t\t\t\t\t<\/div>\n\t\t\t\t<\/div>\n\t\t\t\t\t<\/div>\n\t\t<\/div>\n\t\t\t\t\t<\/div>\n\t\t<\/section>\n\t\t\t\t<section class=\"elementor-section elementor-top-section elementor-element elementor-element-ae8c114 elementor-section-boxed elementor-section-height-default elementor-section-height-default\" data-id=\"ae8c114\" data-element_type=\"section\">\n\t\t\t\t\t\t<div class=\"elementor-container elementor-column-gap-default\">\n\t\t\t\t\t<div class=\"elementor-column elementor-col-50 elementor-top-column elementor-element elementor-element-088cff5\" data-id=\"088cff5\" data-element_type=\"column\">\n\t\t\t<div class=\"elementor-widget-wrap elementor-element-populated\">\n\t\t\t\t\t\t<div class=\"elementor-element elementor-element-a4054ec elementor-widget elementor-widget-image\" data-id=\"a4054ec\" data-element_type=\"widget\" data-widget_type=\"image.default\">\n\t\t\t\t<div class=\"elementor-widget-container\">\n\t\t\t\t\t\t\t\t\t\t\t\t\t\t\t\t<a href=\"https:\/\/www.kloster-oase.de\/?page_id=981\" target=\"_blank\">\n\t\t\t\t\t\t\t<img decoding=\"async\" width=\"300\" height=\"44\" src=\"https:\/\/www.kloster-oase.de\/wp-content\/uploads\/2025\/02\/Aktives-Mitwirken-Button-300x44.png\" class=\"attachment-medium size-medium wp-image-2241\" alt=\"\" srcset=\"https:\/\/www.kloster-oase.de\/wp-content\/uploads\/2025\/02\/Aktives-Mitwirken-Button-300x44.png 300w, https:\/\/www.kloster-oase.de\/wp-content\/uploads\/2025\/02\/Aktives-Mitwirken-Button-1024x151.png 1024w, https:\/\/www.kloster-oase.de\/wp-content\/uploads\/2025\/02\/Aktives-Mitwirken-Button-768x113.png 768w, https:\/\/www.kloster-oase.de\/wp-content\/uploads\/2025\/02\/Aktives-Mitwirken-Button.png 1085w\" sizes=\"100vw\" \/>\t\t\t\t\t\t\t\t<\/a>\n\t\t\t\t\t\t\t\t\t\t\t\t\t\t\t<\/div>\n\t\t\t\t<\/div>\n\t\t\t\t\t<\/div>\n\t\t<\/div>\n\t\t\t\t<div class=\"elementor-column elementor-col-50 elementor-top-column elementor-element elementor-element-2fcea62\" data-id=\"2fcea62\" data-element_type=\"column\">\n\t\t\t<div class=\"elementor-widget-wrap elementor-element-populated\">\n\t\t\t\t\t\t<div class=\"elementor-element elementor-element-6487cf2 elementor-widget elementor-widget-image\" data-id=\"6487cf2\" data-element_type=\"widget\" data-widget_type=\"image.default\">\n\t\t\t\t<div class=\"elementor-widget-container\">\n\t\t\t\t\t\t\t\t\t\t\t\t\t\t\t\t<a href=\"https:\/\/widgets.yolawo.de\/w\/633749fb72956a602a8cb9e2\" target=\"_blank\">\n\t\t\t\t\t\t\t<img loading=\"lazy\" decoding=\"async\" width=\"300\" height=\"44\" src=\"https:\/\/www.kloster-oase.de\/wp-content\/uploads\/2022\/06\/Button-zoom-300x44.png\" class=\"attachment-medium size-medium wp-image-1384\" alt=\"\" srcset=\"https:\/\/www.kloster-oase.de\/wp-content\/uploads\/2022\/06\/Button-zoom-300x44.png 300w, https:\/\/www.kloster-oase.de\/wp-content\/uploads\/2022\/06\/Button-zoom-1024x151.png 1024w, https:\/\/www.kloster-oase.de\/wp-content\/uploads\/2022\/06\/Button-zoom-768x113.png 768w, https:\/\/www.kloster-oase.de\/wp-content\/uploads\/2022\/06\/Button-zoom.png 1085w\" sizes=\"100vw\" \/>\t\t\t\t\t\t\t\t<\/a>\n\t\t\t\t\t\t\t\t\t\t\t\t\t\t\t<\/div>\n\t\t\t\t<\/div>\n\t\t\t\t\t<\/div>\n\t\t<\/div>\n\t\t\t\t\t<\/div>\n\t\t<\/section>\n\t\t\t\t<section class=\"elementor-section elementor-top-section elementor-element elementor-element-de855be elementor-section-boxed elementor-section-height-default elementor-section-height-default\" data-id=\"de855be\" data-element_type=\"section\">\n\t\t\t\t\t\t<div class=\"elementor-container elementor-column-gap-default\">\n\t\t\t\t\t<div class=\"elementor-column elementor-col-50 elementor-top-column elementor-element elementor-element-19cb1ec\" data-id=\"19cb1ec\" data-element_type=\"column\">\n\t\t\t<div class=\"elementor-widget-wrap elementor-element-populated\">\n\t\t\t\t\t\t<div class=\"elementor-element elementor-element-9524897 elementor-widget elementor-widget-image\" data-id=\"9524897\" data-element_type=\"widget\" data-widget_type=\"image.default\">\n\t\t\t\t<div class=\"elementor-widget-container\">\n\t\t\t\t\t\t\t\t\t\t\t\t\t\t\t\t<a href=\"https:\/\/www.kloster-oase.de\/?page_id=2085\" target=\"_blank\">\n\t\t\t\t\t\t\t<img loading=\"lazy\" decoding=\"async\" width=\"300\" height=\"44\" src=\"https:\/\/www.kloster-oase.de\/wp-content\/uploads\/2022\/12\/Spende-Button-300x44.png\" class=\"attachment-medium size-medium wp-image-2084\" alt=\"\" srcset=\"https:\/\/www.kloster-oase.de\/wp-content\/uploads\/2022\/12\/Spende-Button-300x44.png 300w, https:\/\/www.kloster-oase.de\/wp-content\/uploads\/2022\/12\/Spende-Button-1024x151.png 1024w, https:\/\/www.kloster-oase.de\/wp-content\/uploads\/2022\/12\/Spende-Button-768x113.png 768w, https:\/\/www.kloster-oase.de\/wp-content\/uploads\/2022\/12\/Spende-Button.png 1085w\" sizes=\"100vw\" \/>\t\t\t\t\t\t\t\t<\/a>\n\t\t\t\t\t\t\t\t\t\t\t\t\t\t\t<\/div>\n\t\t\t\t<\/div>\n\t\t\t\t\t<\/div>\n\t\t<\/div>\n\t\t\t\t<div class=\"elementor-column elementor-col-50 elementor-top-column elementor-element elementor-element-fb4743e\" data-id=\"fb4743e\" data-element_type=\"column\">\n\t\t\t<div class=\"elementor-widget-wrap elementor-element-populated\">\n\t\t\t\t\t\t<div class=\"elementor-element elementor-element-644da72 elementor-widget elementor-widget-image\" data-id=\"644da72\" data-element_type=\"widget\" data-widget_type=\"image.default\">\n\t\t\t\t<div class=\"elementor-widget-container\">\n\t\t\t\t\t\t\t\t\t\t\t\t\t\t\t\t<a href=\"https:\/\/www.kloster-oase.de\/?page_id=2325\" target=\"_blank\">\n\t\t\t\t\t\t\t<img loading=\"lazy\" decoding=\"async\" width=\"300\" height=\"44\" src=\"https:\/\/www.kloster-oase.de\/wp-content\/uploads\/2025\/02\/Therapeuten-und-Coaches-Button-300x44.png\" class=\"attachment-medium size-medium wp-image-2321\" alt=\"\" srcset=\"https:\/\/www.kloster-oase.de\/wp-content\/uploads\/2025\/02\/Therapeuten-und-Coaches-Button-300x44.png 300w, https:\/\/www.kloster-oase.de\/wp-content\/uploads\/2025\/02\/Therapeuten-und-Coaches-Button-1024x151.png 1024w, https:\/\/www.kloster-oase.de\/wp-content\/uploads\/2025\/02\/Therapeuten-und-Coaches-Button-768x113.png 768w, https:\/\/www.kloster-oase.de\/wp-content\/uploads\/2025\/02\/Therapeuten-und-Coaches-Button.png 1085w\" sizes=\"100vw\" \/>\t\t\t\t\t\t\t\t<\/a>\n\t\t\t\t\t\t\t\t\t\t\t\t\t\t\t<\/div>\n\t\t\t\t<\/div>\n\t\t\t\t\t<\/div>\n\t\t<\/div>\n\t\t\t\t\t<\/div>\n\t\t<\/section>\n\t\t\t\t<section class=\"elementor-section elementor-top-section elementor-element elementor-element-7827d4d elementor-section-boxed elementor-section-height-default elementor-section-height-default\" data-id=\"7827d4d\" data-element_type=\"section\">\n\t\t\t\t\t\t<div class=\"elementor-container elementor-column-gap-default\">\n\t\t\t\t\t<div class=\"elementor-column elementor-col-50 elementor-top-column elementor-element elementor-element-df2e571\" data-id=\"df2e571\" data-element_type=\"column\">\n\t\t\t<div class=\"elementor-widget-wrap elementor-element-populated\">\n\t\t\t\t\t\t<div class=\"elementor-element elementor-element-2e92d57 elementor-widget elementor-widget-image\" data-id=\"2e92d57\" data-element_type=\"widget\" data-widget_type=\"image.default\">\n\t\t\t\t<div class=\"elementor-widget-container\">\n\t\t\t\t\t\t\t\t\t\t\t\t\t\t\t\t<a href=\"https:\/\/www.klosteroase-gbr.de\" target=\"_blank\">\n\t\t\t\t\t\t\t<img loading=\"lazy\" decoding=\"async\" width=\"300\" height=\"44\" src=\"https:\/\/www.kloster-oase.de\/wp-content\/uploads\/2026\/02\/Seminar-und-Gaestehausbetrieb-300x44.png\" class=\"attachment-medium size-medium wp-image-2664\" alt=\"\" srcset=\"https:\/\/www.kloster-oase.de\/wp-content\/uploads\/2026\/02\/Seminar-und-Gaestehausbetrieb-300x44.png 300w, https:\/\/www.kloster-oase.de\/wp-content\/uploads\/2026\/02\/Seminar-und-Gaestehausbetrieb-1024x151.png 1024w, https:\/\/www.kloster-oase.de\/wp-content\/uploads\/2026\/02\/Seminar-und-Gaestehausbetrieb-768x113.png 768w, https:\/\/www.kloster-oase.de\/wp-content\/uploads\/2026\/02\/Seminar-und-Gaestehausbetrieb.png 1085w\" sizes=\"100vw\" \/>\t\t\t\t\t\t\t\t<\/a>\n\t\t\t\t\t\t\t\t\t\t\t\t\t\t\t<\/div>\n\t\t\t\t<\/div>\n\t\t\t\t\t<\/div>\n\t\t<\/div>\n\t\t\t\t<div class=\"elementor-column elementor-col-50 elementor-top-column elementor-element elementor-element-8922115\" data-id=\"8922115\" data-element_type=\"column\">\n\t\t\t<div class=\"elementor-widget-wrap elementor-element-populated\">\n\t\t\t\t\t\t\t<\/div>\n\t\t<\/div>\n\t\t\t\t\t<\/div>\n\t\t<\/section>\n\t\t\t\t<section class=\"elementor-section elementor-top-section elementor-element elementor-element-beaec25 elementor-section-boxed elementor-section-height-default elementor-section-height-default\" data-id=\"beaec25\" data-element_type=\"section\">\n\t\t\t\t\t\t<div class=\"elementor-container elementor-column-gap-default\">\n\t\t\t\t\t<div class=\"elementor-column elementor-col-100 elementor-top-column elementor-element elementor-element-34b50b9\" data-id=\"34b50b9\" data-element_type=\"column\">\n\t\t\t<div class=\"elementor-widget-wrap elementor-element-populated\">\n\t\t\t\t\t\t<div class=\"elementor-element elementor-element-85307e1 elementor-widget elementor-widget-text-editor\" data-id=\"85307e1\" data-element_type=\"widget\" data-widget_type=\"text-editor.default\">\n\t\t\t\t<div class=\"elementor-widget-container\">\n\t\t\t\t\t\t\t\t\t<p><span style=\"font-size: 14.0pt; line-height: 115%; font-family: 'Times New Roman',serif; mso-fareast-font-family: 'Times New Roman'; mso-ansi-language: DE; mso-fareast-language: DE; mso-bidi-language: AR-SA;\">Liebe Besucherin, lieber Besucher,<\/span><\/p><p><span style=\"font-size: 14.0pt; line-height: 115%; font-family: 'Times New Roman',serif; mso-fareast-font-family: 'Times New Roman'; mso-ansi-language: DE; mso-fareast-language: DE; mso-bidi-language: AR-SA;\">sch\u00f6n, dass du uns gefunden hast und dich f\u00fcr die Kloster-Oase interessierst.<\/span><\/p><p>Gemeinschaftlich m\u00f6chten wir das ehemalige Kloster in Neusatzeck erwerben und die Sch\u00f6nheit dieses Orts pflegen, nutzen und erhalten \u2013 im Geist des Klostergr\u00fcnders <span style=\"text-decoration: underline;\"><span style=\"color: #0000ff;\"><a style=\"color: #0000ff; text-decoration: underline;\" href=\"https:\/\/www.kloster-oase.de\/wp-content\/uploads\/2025\/02\/Josef-Baeder.pdf\" target=\"_blank\" rel=\"noopener\">Josef B\u00e4der<\/a><\/span><\/span>. Daf\u00fcr wurde die regenerative Genossenschaft &#8222;Kloster-Oase eG&#8220; gegr\u00fcndet.<\/p><p>Wir laden dich herzlichst ein, diese dankbare und sch\u00f6ne Arbeit mit viel Liebe, Freude, Leichtigkeit und Vertrauen mit uns zu beginnen und ein Teil davon zu werden!<\/p>\t\t\t\t\t\t\t\t<\/div>\n\t\t\t\t<\/div>\n\t\t\t\t\t<\/div>\n\t\t<\/div>\n\t\t\t\t\t<\/div>\n\t\t<\/section>\n\t\t\t\t<\/div>\n\t\t","protected":false},"excerpt":{"rendered":"<p>https:\/\/www.kloster-oase.de\/wp-content\/uploads\/1656\/93\/Kloster-Clip-Juli-2022.mp4 Liebe Besucherin, lieber Besucher, sch\u00f6n, dass du uns gefunden hast und dich f\u00fcr die Kloster-Oase interessierst. Gemeinschaftlich m\u00f6chten wir das ehemalige Kloster in Neusatzeck erwerben und die Sch\u00f6nheit dieses Orts pflegen, nutzen und erhalten \u2013 im Geist des Klostergr\u00fcnders Josef B\u00e4der. Daf\u00fcr wurde die regenerative Genossenschaft &#8222;Kloster-Oase eG&#8220; gegr\u00fcndet. Wir laden dich herzlichst ein, &hellip; <\/p>\n<p class=\"link-more\"><a href=\"https:\/\/www.kloster-oase.de\/\" class=\"more-link\"><span class=\"screen-reader-text\">\u201e\u201c<\/span> weiterlesen<\/a><\/p>\n","protected":false},"author":1,"featured_media":0,"parent":0,"menu_order":0,"comment_status":"closed","ping_status":"closed","template":"","meta":{"_acf_changed":false,"inline_featured_image":false,"footnotes":""},"class_list":["post-10","page","type-page","status-publish","hentry"],"acf":[],"_links":{"self":[{"href":"https:\/\/www.kloster-oase.de\/index.php?rest_route=\/wp\/v2\/pages\/10","targetHints":{"allow":["GET"]}}],"collection":[{"href":"https:\/\/www.kloster-oase.de\/index.php?rest_route=\/wp\/v2\/pages"}],"about":[{"href":"https:\/\/www.kloster-oase.de\/index.php?rest_route=\/wp\/v2\/types\/page"}],"author":[{"embeddable":true,"href":"https:\/\/www.kloster-oase.de\/index.php?rest_route=\/wp\/v2\/users\/1"}],"replies":[{"embeddable":true,"href":"https:\/\/www.kloster-oase.de\/index.php?rest_route=%2Fwp%2Fv2%2Fcomments&post=10"}],"version-history":[{"count":463,"href":"https:\/\/www.kloster-oase.de\/index.php?rest_route=\/wp\/v2\/pages\/10\/revisions"}],"predecessor-version":[{"id":2667,"href":"https:\/\/www.kloster-oase.de\/index.php?rest_route=\/wp\/v2\/pages\/10\/revisions\/2667"}],"wp:attachment":[{"href":"https:\/\/www.kloster-oase.de\/index.php?rest_route=%2Fwp%2Fv2%2Fmedia&parent=10"}],"curies":[{"name":"wp","href":"https:\/\/api.w.org\/{rel}","templated":true}]}}